{"id":684,"date":"2025-06-23T14:09:32","date_gmt":"2025-06-23T18:09:32","guid":{"rendered":"https:\/\/iruizakaya.ca\/page-d-exemple\/"},"modified":"2026-01-14T12:48:24","modified_gmt":"2026-01-14T17:48:24","slug":"page-d-exemple","status":"publish","type":"page","link":"https:\/\/iruizakaya.ca\/en\/","title":{"rendered":"Accueil"},"content":{"rendered":"<div class=\"hero hide-chevron hero--scramble\" data-hero-block>\n            <div class=\"hero__video\">\n                            <video autoplay muted=\"true\" preload=\"auto\" loop class=\"hero__video-player hero__video-player--desktop\">\n                    <source src=\"https:\/\/iruizakaya.ca\/app\/uploads\/2025\/06\/IRU_NeonGlitch_VF_1920x1080.mp4\" type=\"video\/mp4\">\n                <\/video>\n                                        <video autoplay playsinline muted=\"true\" preload=\"auto\" loop class=\"hero__video-player hero__video-player--mobile\">\n                    <source src=\"https:\/\/iruizakaya.ca\/app\/uploads\/2025\/06\/IRU_NeonGlitch_VF_640x1137.mp4\" type=\"video\/mp4\">\n                <\/video>\n                    <\/div>\n                <div class=\"hero__title\">\n            <div class=\"container\">\n                <div class=\"wysiwyg\"><p>izakaya<\/p>\n<p style=\"text-align: center\">festive<\/p>\n<p style=\"text-align: right\">cocktail<\/p>\n<\/div>\n            <\/div>\n        <\/div>\n    <\/div>\n\n<div class=\"container\">\n<div class=\"wp-block-columns has-padding is-layout-flex wp-container-core-columns-is-layout-9d6595d7 wp-block-columns-is-layout-flex\">\n<div class=\"wp-block-column wysiwyg is-smaller is-layout-flow wp-block-column-is-layout-flow\">\n<div style=\"height:100px\" aria-hidden=\"true\" class=\"wp-block-spacer\"><\/div>\n\n\n\n<h2 class=\"wp-block-heading has-text-align-center has-white-color has-text-color has-link-color has-large-font-size wp-elements-efe621e7dbec35bf0edce08a1f290eb7\" style=\"text-transform:uppercase\" data-aos=\"fade-up\" data-aos-anchor-placement=\"center-bottom\">The pleasure of sharing<\/h2>\n\n\n\n<p class=\"has-text-align-center has-white-color has-text-color has-link-color wp-elements-736f7ebb0c50da8742e3f4a005979e4a\" data-aos=\"fade-up\" data-aos-anchor-placement=\"center-bottom\">At IRU Izakaya, we do more than serve Japanese-inspired dishes, we create a personalized, generous dining experience. Here, Japanese cuisine takes on a festive twist: gyozas, karaage, fresh specialties, and plenty more to share!<\/p>\n\n\n\n<p class=\"has-text-align-center has-white-color has-text-color has-link-color wp-elements-a859b0b12dabd94c5a63780b14a7fa89\" data-aos=\"fade-up\" data-aos-anchor-placement=\"center-bottom\">Whether you\u2019re here for a laid-back happy hour, a business dinner, or a lively celebration with friends, our japanese brasserie is the place to enjoy great food in a vibrant atmosphere.<\/p>\n\n\n\n<div style=\"height:100px\" aria-hidden=\"true\" class=\"wp-block-spacer\"><\/div>\n\n\n\n<div class=\"wp-block-buttons is-content-justification-center is-layout-flex wp-container-core-buttons-is-layout-16018d1d wp-block-buttons-is-layout-flex\" data-aos=\"fade-up\" data-aos-anchor-placement=\"center-bottom\">\n<div class=\"wp-block-button is-style-white\"><a class=\"wp-block-button__link wp-element-button\" href=\"https:\/\/iruizakaya.ca\/en\/menu\/\">Discover<\/a><\/div>\n<\/div>\n\n\n\n<div style=\"height:100px\" aria-hidden=\"true\" class=\"wp-block-spacer\"><\/div>\n<\/div>\n<\/div>\n<\/div>\n\n\n<div class=\"wp-block-cover\"><img loading=\"lazy\" decoding=\"async\" width=\"1024\" height=\"601\" class=\"wp-block-cover__image-background wp-image-1099 size-large\" alt=\"\" src=\"https:\/\/iruizakaya.ca\/app\/uploads\/2025\/12\/5-1-1024x601.jpg\" data-object-fit=\"cover\" srcset=\"https:\/\/iruizakaya.ca\/app\/uploads\/2025\/12\/5-1-1024x601.jpg 1024w, https:\/\/iruizakaya.ca\/app\/uploads\/2025\/12\/5-1-300x176.jpg 300w, https:\/\/iruizakaya.ca\/app\/uploads\/2025\/12\/5-1-768x451.jpg 768w, https:\/\/iruizakaya.ca\/app\/uploads\/2025\/12\/5-1.jpg 1497w\" sizes=\"auto, (max-width: 1024px) 100vw, 1024px\" \/><span aria-hidden=\"true\" class=\"wp-block-cover__background has-background-dim-30 has-background-dim\" style=\"background-color:#74554a\"><\/span><div class=\"wp-block-cover__inner-container is-layout-constrained wp-block-cover-is-layout-constrained\"><div class=\"container\">\n<div class=\"wp-block-columns is-layout-flex wp-container-core-columns-is-layout-9d6595d7 wp-block-columns-is-layout-flex\">\n<div class=\"wp-block-column wysiwyg is-smaller is-layout-flow wp-block-column-is-layout-flow\">\n<div style=\"height:var(--wp--preset--spacing--80)\" aria-hidden=\"true\" class=\"wp-block-spacer\"><\/div>\n\n\n\n<p class=\"has-text-align-center has-pp-eiko-font-family has-large-font-size\" style=\"text-transform:uppercase;font-family:PP Eiko\" data-aos=\"fade-up\" data-aos-anchor-placement=\"center-bottom\">Bold Cocktails, Crafted for You<\/p>\n\n\n\n<p class=\"has-text-align-center\" data-aos=\"fade-up\" data-aos-anchor-placement=\"center-bottom\">Our cocktails are true house creations, perfectly balanced and always full of surprises! Whether you\u2019re craving a reinvented classic or a signature mix, our mixologists are here to impress.<\/p>\n\n\n\n<p class=\"has-text-align-center\" data-aos=\"fade-up\" data-aos-anchor-placement=\"center-bottom\">Ready to raise a glass? At IRU, every cocktail is crafted to match your moment, whatever the occasion!<\/p>\n\n\n\n<div style=\"height:var(--wp--preset--spacing--80)\" aria-hidden=\"true\" class=\"wp-block-spacer\"><\/div>\n\n\n\n<div class=\"wp-block-buttons is-content-justification-center is-layout-flex wp-container-core-buttons-is-layout-16018d1d wp-block-buttons-is-layout-flex\" data-aos=\"fade-up\" data-aos-anchor-placement=\"center-bottom\">\n<div class=\"wp-block-button is-style-white\"><a class=\"wp-block-button__link wp-element-button\" href=\"https:\/\/iruizakaya.ca\/en\/menu\/?active=carte-%C3%A0-boire\">Discover<\/a><\/div>\n<\/div>\n\n\n\n<div style=\"height:var(--wp--preset--spacing--80)\" aria-hidden=\"true\" class=\"wp-block-spacer\"><\/div>\n<\/div>\n<\/div>\n<\/div><\/div><\/div>\n\n\n<div class=\"container\">\n<div class=\"wp-block-columns is-layout-flex wp-container-core-columns-is-layout-9d6595d7 wp-block-columns-is-layout-flex\">\n<div class=\"wp-block-column wysiwyg is-layout-flow wp-block-column-is-layout-flow\"><\/div>\n<\/div>\n<\/div>\n\n\n<div class=\"wp-block-cover is-light\"><video class=\"wp-block-cover__video-background intrinsic-ignore\" autoplay muted loop playsinline src=\"https:\/\/iruizakaya.ca\/app\/uploads\/2025\/06\/IRU_AbstractBackground_03_VF_1920x1080.mp4\" data-object-fit=\"cover\"><\/video><span aria-hidden=\"true\" class=\"wp-block-cover__background has-background-dim-0 has-background-dim\" style=\"background-color:#FFF\"><\/span><div class=\"wp-block-cover__inner-container is-layout-constrained wp-block-cover-is-layout-constrained\"><div class=\"container\">\n<div class=\"wp-block-columns is-layout-flex wp-container-core-columns-is-layout-9d6595d7 wp-block-columns-is-layout-flex\">\n<div class=\"wp-block-column is-vertically-aligned-top wysiwyg is-smaller is-layout-flow wp-block-column-is-layout-flow\">\n<div style=\"height:var(--wp--preset--spacing--70)\" aria-hidden=\"true\" class=\"wp-block-spacer\"><\/div>\n\n\n\n<p class=\"has-text-align-center has-white-color has-text-color has-link-color has-noto-sans-jp-font-family has-medium-font-size wp-elements-4e10a41a92111186b809676e6f8491cc\" style=\"font-family:Noto Sans JP\" data-aos=\"fade-up\" data-aos-anchor-placement=\"center-bottom\">\u3046\u307e\u5473<\/p>\n\n\n\n<h2 class=\"wp-block-heading has-text-align-center has-white-color has-text-color has-link-color has-x-large-font-size wp-elements-1802cd29935d23a889be407b5443fd82\" data-aos=\"fade-up\" data-aos-anchor-placement=\"center-bottom\"><em>FESTIVE<\/em><\/h2>\n\n\n\n<p class=\"has-text-align-center has-white-color has-text-color has-link-color wp-elements-b1ed6c87e4749693a0094fb5cb2345dc\" data-aos=\"fade-up\" data-aos-anchor-placement=\"center-bottom\">We welcome you like family, but with chopsticks, cocktails, sake, and an electrifying vibe.<\/p>\n\n\n\n<div style=\"height:100px\" aria-hidden=\"true\" class=\"wp-block-spacer\"><\/div>\n\n\n\n<div class=\"wp-block-buttons is-content-justification-center is-layout-flex wp-container-core-buttons-is-layout-16018d1d wp-block-buttons-is-layout-flex\" data-aos=\"fade-up\" data-aos-anchor-placement=\"center-bottom\">\n<div class=\"wp-block-button is-style-white is-restaurant-link\"><a class=\"wp-block-button__link has-text-align-left wp-element-button\" href=\"https:\/\/iruizakaya.ca\/en\/book\/\">Book now<\/a><\/div>\n<\/div>\n\n\n\n<div style=\"height:var(--wp--preset--spacing--70)\" aria-hidden=\"true\" class=\"wp-block-spacer\"><\/div>\n<\/div>\n<\/div>\n<\/div><\/div><\/div>\n\n\n\n<div style=\"height:var(--wp--preset--spacing--80)\" aria-hidden=\"true\" class=\"wp-block-spacer\"><\/div>\n\n\n<div class=\"container\">\n<div class=\"wp-block-columns is-layout-flex wp-container-core-columns-is-layout-9d6595d7 wp-block-columns-is-layout-flex\">\n<div class=\"wp-block-column wysiwyg is-layout-flow wp-block-column-is-layout-flow\">\n<div class=\"wp-block-cover\" style=\"min-height:700px;aspect-ratio:unset;\"><img loading=\"lazy\" decoding=\"async\" width=\"1160\" height=\"652\" class=\"wp-block-cover__image-background wp-image-1109 size-full\" alt=\"\" src=\"https:\/\/iruizakaya.ca\/app\/uploads\/2025\/12\/4.jpg\" data-object-fit=\"cover\" srcset=\"https:\/\/iruizakaya.ca\/app\/uploads\/2025\/12\/4.jpg 1160w, https:\/\/iruizakaya.ca\/app\/uploads\/2025\/12\/4-300x169.jpg 300w, https:\/\/iruizakaya.ca\/app\/uploads\/2025\/12\/4-1024x576.jpg 1024w, https:\/\/iruizakaya.ca\/app\/uploads\/2025\/12\/4-768x432.jpg 768w\" sizes=\"auto, (max-width: 1160px) 100vw, 1160px\" \/><span aria-hidden=\"true\" class=\"wp-block-cover__background has-background-dim-30 has-background-dim\"><\/span><div class=\"wp-block-cover__inner-container is-layout-constrained wp-block-cover-is-layout-constrained\"><div class=\"container\">\n<div class=\"wp-block-columns is-layout-flex wp-container-core-columns-is-layout-9d6595d7 wp-block-columns-is-layout-flex\">\n<div class=\"wp-block-column wysiwyg is-smaller is-layout-flow wp-block-column-is-layout-flow\">\n<p class=\"has-text-align-center has-pp-eiko-font-family has-medium-font-size\" style=\"text-transform:uppercase;font-family:PP Eiko\" data-aos=\"fade-up\" data-aos-anchor-placement=\"center-bottom\">The art of sake<\/p>\n\n\n\n<p class=\"has-text-align-center\" data-aos=\"fade-up\" data-aos-anchor-placement=\"center-bottom\">At our place, sake becomes a festive experience.<\/p>\n\n\n\n<p class=\"has-text-align-center\" data-aos=\"fade-up\" data-aos-anchor-placement=\"center-bottom\">Explore our distinctive selection and let yourself be surprised by unique flavors, perfect for sharing with friends or celebrating a special moment. From smooth sake to bold sparkling varieties, every glass is an invitation to discover the richness of Japanese tradition in a warm, vibrant atmosphere at the heart of Qu\u00e9bec City.<\/p>\n\n\n\n<div style=\"height:var(--wp--preset--spacing--40)\" aria-hidden=\"true\" class=\"wp-block-spacer\"><\/div>\n\n\n\n<div class=\"wp-block-buttons is-content-justification-center is-layout-flex wp-container-core-buttons-is-layout-16018d1d wp-block-buttons-is-layout-flex\" data-aos=\"fade-up\" data-aos-anchor-placement=\"center-bottom\">\n<div class=\"wp-block-button is-style-white\"><a class=\"wp-block-button__link has-text-align-center wp-element-button\" href=\"https:\/\/iruizakaya.ca\/en\/menu\/?active=carte-des-vins-sak%C3%A9\">Discover<\/a><\/div>\n<\/div>\n<\/div>\n<\/div>\n<\/div><\/div><\/div>\n<\/div>\n<\/div>\n<\/div>\n\n\n<div style=\"height:100px\" aria-hidden=\"true\" class=\"wp-block-spacer\" data-aos=\"fade-up\" data-aos-anchor-placement=\"center-bottom\"><\/div>\n","protected":false},"excerpt":{"rendered":"<p>The pleasure of sharing At IRU Izakaya, we do more than serve Japanese-inspired dishes, we create a personalized, generous dining experience. Here, Japanese cuisine takes on a festive twist: gyozas, karaage, fresh specialties, and plenty more to share! Whether you\u2019re here for a laid-back happy hour, a business dinner, or a lively celebration with friends, [&hellip;]<\/p>\n","protected":false},"author":1,"featured_media":0,"parent":0,"menu_order":0,"comment_status":"closed","ping_status":"open","template":"","meta":{"_acf_changed":false,"page_bg_color":"","footnotes":""},"class_list":["post-684","page","type-page","status-publish","hentry"],"acf":[],"yoast_head":"<!-- This site is optimized with the Yoast SEO plugin v24.9 - https:\/\/yoast.com\/wordpress\/plugins\/seo\/ -->\n<title>Iru Izakaya - Brasserie Japonaise, Montr\u00e9al, Qu\u00e9bec, Brossard<\/title>\n<meta name=\"description\" content=\"Un pub japonais moderne o\u00f9 saveurs authentiques, ambiance anim\u00e9e et cocktails cr\u00e9atifs se rencontrent. Une exp\u00e9rience unique \u00e0 partager.\" \/>\n<meta name=\"robots\" content=\"index, follow, max-snippet:-1, max-image-preview:large, max-video-preview:-1\" \/>\n<link rel=\"canonical\" href=\"https:\/\/iruizakaya.ca\/en\/\" \/>\n<meta property=\"og:locale\" content=\"en_US\" \/>\n<meta property=\"og:type\" content=\"article\" \/>\n<meta property=\"og:title\" content=\"Iru Izakaya - Brasserie Japonaise, Montr\u00e9al, Qu\u00e9bec, Brossard\" \/>\n<meta property=\"og:description\" content=\"Un pub japonais moderne o\u00f9 saveurs authentiques, ambiance anim\u00e9e et cocktails cr\u00e9atifs se rencontrent. Une exp\u00e9rience unique \u00e0 partager.\" \/>\n<meta property=\"og:url\" content=\"https:\/\/iruizakaya.ca\/en\/\" \/>\n<meta property=\"og:site_name\" content=\"Iru Izakaya\" \/>\n<meta property=\"article:publisher\" content=\"https:\/\/www.facebook.com\/iruizakaya\/\" \/>\n<meta property=\"article:modified_time\" content=\"2026-01-14T17:48:24+00:00\" \/>\n<meta property=\"og:image\" content=\"https:\/\/iruizakaya.ca\/app\/uploads\/2025\/12\/5-1.jpg\" \/>\n\t<meta property=\"og:image:width\" content=\"1497\" \/>\n\t<meta property=\"og:image:height\" content=\"879\" \/>\n\t<meta property=\"og:image:type\" content=\"image\/jpeg\" \/>\n<meta name=\"twitter:card\" content=\"summary_large_image\" \/>\n<meta name=\"twitter:label1\" content=\"Est. reading time\" \/>\n\t<meta name=\"twitter:data1\" content=\"2 minutes\" \/>\n<script type=\"application\/ld+json\" class=\"yoast-schema-graph\">{\"@context\":\"https:\/\/schema.org\",\"@graph\":[{\"@type\":\"WebPage\",\"@id\":\"https:\/\/iruizakaya.ca\/en\/\",\"url\":\"https:\/\/iruizakaya.ca\/en\/\",\"name\":\"Iru Izakaya - Brasserie Japonaise, Montr\u00e9al, Qu\u00e9bec, Brossard\",\"isPartOf\":{\"@id\":\"https:\/\/iruizakaya.ca\/#website\"},\"primaryImageOfPage\":{\"@id\":\"https:\/\/iruizakaya.ca\/en\/#primaryimage\"},\"image\":{\"@id\":\"https:\/\/iruizakaya.ca\/en\/#primaryimage\"},\"thumbnailUrl\":\"https:\/\/iruizakaya.ca\/app\/uploads\/2025\/12\/5-1-1024x601.jpg\",\"datePublished\":\"2025-06-23T18:09:32+00:00\",\"dateModified\":\"2026-01-14T17:48:24+00:00\",\"description\":\"Un pub japonais moderne o\u00f9 saveurs authentiques, ambiance anim\u00e9e et cocktails cr\u00e9atifs se rencontrent. Une exp\u00e9rience unique \u00e0 partager.\",\"breadcrumb\":{\"@id\":\"https:\/\/iruizakaya.ca\/en\/#breadcrumb\"},\"inLanguage\":\"en-US\",\"potentialAction\":[{\"@type\":\"ReadAction\",\"target\":[\"https:\/\/iruizakaya.ca\/en\/\"]}]},{\"@type\":\"ImageObject\",\"inLanguage\":\"en-US\",\"@id\":\"https:\/\/iruizakaya.ca\/en\/#primaryimage\",\"url\":\"https:\/\/iruizakaya.ca\/app\/uploads\/2025\/12\/5-1-1024x601.jpg\",\"contentUrl\":\"https:\/\/iruizakaya.ca\/app\/uploads\/2025\/12\/5-1-1024x601.jpg\"},{\"@type\":\"BreadcrumbList\",\"@id\":\"https:\/\/iruizakaya.ca\/en\/#breadcrumb\",\"itemListElement\":[{\"@type\":\"ListItem\",\"position\":1,\"name\":\"Home\",\"item\":\"https:\/\/iruizakaya.ca\/en\/\"},{\"@type\":\"ListItem\",\"position\":2,\"name\":\"Accueil\"}]},{\"@type\":\"WebSite\",\"@id\":\"https:\/\/iruizakaya.ca\/#website\",\"url\":\"https:\/\/iruizakaya.ca\/\",\"name\":\"Iru Izakaya\",\"description\":\"Brasserie Japonaise\",\"potentialAction\":[{\"@type\":\"SearchAction\",\"target\":{\"@type\":\"EntryPoint\",\"urlTemplate\":\"https:\/\/iruizakaya.ca\/?s={search_term_string}\"},\"query-input\":{\"@type\":\"PropertyValueSpecification\",\"valueRequired\":true,\"valueName\":\"search_term_string\"}}],\"inLanguage\":\"en-US\"}]}<\/script>\n<!-- \/ Yoast SEO plugin. -->","yoast_head_json":{"title":"Iru Izakaya - Brasserie Japonaise, Montr\u00e9al, Qu\u00e9bec, Brossard","description":"Un pub japonais moderne o\u00f9 saveurs authentiques, ambiance anim\u00e9e et cocktails cr\u00e9atifs se rencontrent. Une exp\u00e9rience unique \u00e0 partager.","robots":{"index":"index","follow":"follow","max-snippet":"max-snippet:-1","max-image-preview":"max-image-preview:large","max-video-preview":"max-video-preview:-1"},"canonical":"https:\/\/iruizakaya.ca\/en\/","og_locale":"en_US","og_type":"article","og_title":"Iru Izakaya - Brasserie Japonaise, Montr\u00e9al, Qu\u00e9bec, Brossard","og_description":"Un pub japonais moderne o\u00f9 saveurs authentiques, ambiance anim\u00e9e et cocktails cr\u00e9atifs se rencontrent. Une exp\u00e9rience unique \u00e0 partager.","og_url":"https:\/\/iruizakaya.ca\/en\/","og_site_name":"Iru Izakaya","article_publisher":"https:\/\/www.facebook.com\/iruizakaya\/","article_modified_time":"2026-01-14T17:48:24+00:00","og_image":[{"width":1497,"height":879,"url":"https:\/\/iruizakaya.ca\/app\/uploads\/2025\/12\/5-1.jpg","type":"image\/jpeg"}],"twitter_card":"summary_large_image","twitter_misc":{"Est. reading time":"2 minutes"},"schema":{"@context":"https:\/\/schema.org","@graph":[{"@type":"WebPage","@id":"https:\/\/iruizakaya.ca\/en\/","url":"https:\/\/iruizakaya.ca\/en\/","name":"Iru Izakaya - Brasserie Japonaise, Montr\u00e9al, Qu\u00e9bec, Brossard","isPartOf":{"@id":"https:\/\/iruizakaya.ca\/#website"},"primaryImageOfPage":{"@id":"https:\/\/iruizakaya.ca\/en\/#primaryimage"},"image":{"@id":"https:\/\/iruizakaya.ca\/en\/#primaryimage"},"thumbnailUrl":"https:\/\/iruizakaya.ca\/app\/uploads\/2025\/12\/5-1-1024x601.jpg","datePublished":"2025-06-23T18:09:32+00:00","dateModified":"2026-01-14T17:48:24+00:00","description":"Un pub japonais moderne o\u00f9 saveurs authentiques, ambiance anim\u00e9e et cocktails cr\u00e9atifs se rencontrent. Une exp\u00e9rience unique \u00e0 partager.","breadcrumb":{"@id":"https:\/\/iruizakaya.ca\/en\/#breadcrumb"},"inLanguage":"en-US","potentialAction":[{"@type":"ReadAction","target":["https:\/\/iruizakaya.ca\/en\/"]}]},{"@type":"ImageObject","inLanguage":"en-US","@id":"https:\/\/iruizakaya.ca\/en\/#primaryimage","url":"https:\/\/iruizakaya.ca\/app\/uploads\/2025\/12\/5-1-1024x601.jpg","contentUrl":"https:\/\/iruizakaya.ca\/app\/uploads\/2025\/12\/5-1-1024x601.jpg"},{"@type":"BreadcrumbList","@id":"https:\/\/iruizakaya.ca\/en\/#breadcrumb","itemListElement":[{"@type":"ListItem","position":1,"name":"Home","item":"https:\/\/iruizakaya.ca\/en\/"},{"@type":"ListItem","position":2,"name":"Accueil"}]},{"@type":"WebSite","@id":"https:\/\/iruizakaya.ca\/#website","url":"https:\/\/iruizakaya.ca\/","name":"Iru Izakaya","description":"Brasserie Japonaise","potentialAction":[{"@type":"SearchAction","target":{"@type":"EntryPoint","urlTemplate":"https:\/\/iruizakaya.ca\/?s={search_term_string}"},"query-input":{"@type":"PropertyValueSpecification","valueRequired":true,"valueName":"search_term_string"}}],"inLanguage":"en-US"}]}},"_links":{"self":[{"href":"https:\/\/iruizakaya.ca\/en\/wp-json\/wp\/v2\/pages\/684","targetHints":{"allow":["GET"]}}],"collection":[{"href":"https:\/\/iruizakaya.ca\/en\/wp-json\/wp\/v2\/pages"}],"about":[{"href":"https:\/\/iruizakaya.ca\/en\/wp-json\/wp\/v2\/types\/page"}],"author":[{"embeddable":true,"href":"https:\/\/iruizakaya.ca\/en\/wp-json\/wp\/v2\/users\/1"}],"replies":[{"embeddable":true,"href":"https:\/\/iruizakaya.ca\/en\/wp-json\/wp\/v2\/comments?post=684"}],"version-history":[{"count":33,"href":"https:\/\/iruizakaya.ca\/en\/wp-json\/wp\/v2\/pages\/684\/revisions"}],"predecessor-version":[{"id":1373,"href":"https:\/\/iruizakaya.ca\/en\/wp-json\/wp\/v2\/pages\/684\/revisions\/1373"}],"wp:attachment":[{"href":"https:\/\/iruizakaya.ca\/en\/wp-json\/wp\/v2\/media?parent=684"}],"curies":[{"name":"wp","href":"https:\/\/api.w.org\/{rel}","templated":true}]}}